{"id":1341,"date":"2023-06-01T14:40:18","date_gmt":"2023-06-01T19:40:18","guid":{"rendered":"https:\/\/basketballforchildren.com\/es\/?page_id=1341"},"modified":"2024-01-11T10:56:40","modified_gmt":"2024-01-11T15:56:40","slug":"como-ayudar","status":"publish","type":"page","link":"https:\/\/basketballforchildren.com\/es\/como-ayudar\/","title":{"rendered":"C\u00f3mo ayudar"},"content":{"rendered":"\t\t<div data-elementor-type=\"wp-page\" data-elementor-id=\"1341\" class=\"elementor elementor-1341\">\n\t\t\t\t\t\t\t\t\t<section class=\"elementor-section elementor-top-section elementor-element elementor-element-85cfc83 elementor-section-height-min-height elementor-section-boxed elementor-section-height-default elementor-section-items-middle\" data-id=\"85cfc83\" data-element_type=\"section\" data-settings=\"{&quot;background_background&quot;:&quot;classic&quot;}\">\n\t\t\t\t\t\t\t<div class=\"elementor-background-overlay\"><\/div>\n\t\t\t\t\t\t\t<div class=\"elementor-container elementor-column-gap-default\">\n\t\t\t\t\t<div class=\"elementor-column elementor-col-100 elementor-top-column elementor-element elementor-element-4443094\" data-id=\"4443094\" data-element_type=\"column\">\n\t\t\t<div class=\"elementor-widget-wrap elementor-element-populated\">\n\t\t\t\t\t\t\t\t<div class=\"elementor-element elementor-element-200c3fc elementor-widget elementor-widget-heading\" data-id=\"200c3fc\" data-element_type=\"widget\" data-widget_type=\"heading.default\">\n\t\t\t\t<div class=\"elementor-widget-container\">\n\t\t\t<style>\/*! elementor - v3.18.0 - 08-12-2023 *\/\n.elementor-heading-title{padding:0;margin:0;line-height:1}.elementor-widget-heading .elementor-heading-title[class*=elementor-size-]>a{color:inherit;font-size:inherit;line-height:inherit}.elementor-widget-heading .elementor-heading-title.elementor-size-small{font-size:15px}.elementor-widget-heading .elementor-heading-title.elementor-size-medium{font-size:19px}.elementor-widget-heading .elementor-heading-title.elementor-size-large{font-size:29px}.elementor-widget-heading .elementor-heading-title.elementor-size-xl{font-size:39px}.elementor-widget-heading .elementor-heading-title.elementor-size-xxl{font-size:59px}<\/style><h1 class=\"elementor-heading-title elementor-size-default\">C\u00f3mo ayudar<\/h1>\t\t<\/div>\n\t\t\t\t<\/div>\n\t\t\t\t\t<\/div>\n\t\t<\/div>\n\t\t\t\t\t\t\t<\/div>\n\t\t<\/section>\n\t\t\t\t<section class=\"elementor-section elementor-top-section elementor-element elementor-element-7a6a188 elementor-section-boxed elementor-section-height-default elementor-section-height-default\" data-id=\"7a6a188\" data-element_type=\"section\">\n\t\t\t\t\t\t<div class=\"elementor-container elementor-column-gap-default\">\n\t\t\t\t\t<div class=\"elementor-column elementor-col-100 elementor-top-column elementor-element elementor-element-d32dccf\" data-id=\"d32dccf\" data-element_type=\"column\">\n\t\t\t<div class=\"elementor-widget-wrap elementor-element-populated\">\n\t\t\t\t\t\t\t\t<div class=\"elementor-element elementor-element-2306571 elementor-widget__width-initial elementor-widget elementor-widget-heading\" data-id=\"2306571\" data-element_type=\"widget\" data-widget_type=\"heading.default\">\n\t\t\t\t<div class=\"elementor-widget-container\">\n\t\t\t<h4 class=\"elementor-heading-title elementor-size-default\">Apoya nuestra misi\u00f3n y hagamos juntos la diferencia<\/h4>\t\t<\/div>\n\t\t\t\t<\/div>\n\t\t\t\t<div class=\"elementor-element elementor-element-b389b88 elementor-widget elementor-widget-image\" data-id=\"b389b88\" data-element_type=\"widget\" data-widget_type=\"image.default\">\n\t\t\t\t<div class=\"elementor-widget-container\">\n\t\t\t<style>\/*! elementor - v3.18.0 - 08-12-2023 *\/\n.elementor-widget-image{text-align:center}.elementor-widget-image a{display:inline-block}.elementor-widget-image a img[src$=\".svg\"]{width:48px}.elementor-widget-image img{vertical-align:middle;display:inline-block}<\/style>\t\t\t\t\t\t\t\t\t\t\t\t<img fetchpriority=\"high\" decoding=\"async\" width=\"1170\" height=\"600\" src=\"https:\/\/basketballforchildren.com\/es\/wp-content\/uploads\/2023\/06\/About-US-1.jpg\" class=\"attachment-full size-full wp-image-1432\" alt=\"\" srcset=\"https:\/\/basketballforchildren.com\/es\/wp-content\/uploads\/2023\/06\/About-US-1.jpg 1170w, https:\/\/basketballforchildren.com\/es\/wp-content\/uploads\/2023\/06\/About-US-1-300x154.jpg 300w, https:\/\/basketballforchildren.com\/es\/wp-content\/uploads\/2023\/06\/About-US-1-1024x525.jpg 1024w, https:\/\/basketballforchildren.com\/es\/wp-content\/uploads\/2023\/06\/About-US-1-768x394.jpg 768w\" sizes=\"(max-width: 1170px) 100vw, 1170px\" \/>\t\t\t\t\t\t\t\t\t\t\t\t\t\t\t<\/div>\n\t\t\t\t<\/div>\n\t\t\t\t<div class=\"elementor-element elementor-element-bd06e25 elementor-widget__width-initial elementor-widget elementor-widget-heading\" data-id=\"bd06e25\" data-element_type=\"widget\" data-widget_type=\"heading.default\">\n\t\t\t\t<div class=\"elementor-widget-container\">\n\t\t\t<h4 class=\"elementor-heading-title elementor-size-default\">En Basketball for Children, creemos firmemente en la generosidad de personas como t\u00fa para ayudarnos a transformar la vida de ni\u00f1os desfavorecidos en Colombia a trav\u00e9s del baloncesto y la educaci\u00f3n en valores. Hay varias formas en las que puedes apoyar nuestra misi\u00f3n y generar un impacto positivo:<\/h4>\t\t<\/div>\n\t\t\t\t<\/div>\n\t\t\t\t<div class=\"elementor-element elementor-element-0d42720 elementor-widget__width-initial elementor-widget elementor-widget-heading\" data-id=\"0d42720\" data-element_type=\"widget\" data-widget_type=\"heading.default\">\n\t\t\t\t<div class=\"elementor-widget-container\">\n\t\t\t<h4 class=\"elementor-heading-title elementor-size-default\"><b>1. Suscr\u00edbete con un d\u00f3lar:<\/b> \u00danete a nuestra campa\u00f1a \"Un D\u00f3lar, Un Sue\u00f1o\" suscribi\u00e9ndote para contribuir con un d\u00f3lar cada mes. Tu apoyo continuo financiar\u00e1 directamente nuestras academias de baloncesto y programas de educaci\u00f3n en valores, brindando a ni\u00f1os desfavorecidos oportunidades que cambiar\u00e1n sus vidas.<\/h4>\t\t<\/div>\n\t\t\t\t<\/div>\n\t\t\t\t<div class=\"elementor-element elementor-element-110e334 elementor-align-right elementor-widget elementor-widget-button\" data-id=\"110e334\" data-element_type=\"widget\" data-widget_type=\"button.default\">\n\t\t\t\t<div class=\"elementor-widget-container\">\n\t\t\t\t\t<div class=\"elementor-button-wrapper\">\n\t\t\t<a class=\"elementor-button elementor-button-link elementor-size-sm\" href=\"#\">\n\t\t\t\t\t\t<span class=\"elementor-button-content-wrapper\">\n\t\t\t\t\t\t<span class=\"elementor-button-text\">Unirme a la campa\u00f1a \"Un D\u00f3lar, Un Sue\u00f1o\"<\/span>\n\t\t<\/span>\n\t\t\t\t\t<\/a>\n\t\t<\/div>\n\t\t\t\t<\/div>\n\t\t\t\t<\/div>\n\t\t\t\t<div class=\"elementor-element elementor-element-30a7445 elementor-widget__width-initial elementor-widget elementor-widget-heading\" data-id=\"30a7445\" data-element_type=\"widget\" data-widget_type=\"heading.default\">\n\t\t\t\t<div class=\"elementor-widget-container\">\n\t\t\t<h4 class=\"elementor-heading-title elementor-size-default\"><b>2. Realiza una donaci\u00f3n \u00fanica:<\/b> Si lo prefieres, tambi\u00e9n puedes hacer una donaci\u00f3n \u00fanica de cualquier cantidad para ayudar a financiar nuestros programas, recursos e iniciativas. Cada contribuci\u00f3n, grande o peque\u00f1a, marca la diferencia en la vida de los ni\u00f1os a quienes servimos.<\/h4>\t\t<\/div>\n\t\t\t\t<\/div>\n\t\t\t\t<div class=\"elementor-element elementor-element-fe28cfb elementor-align-right elementor-widget elementor-widget-button\" data-id=\"fe28cfb\" data-element_type=\"widget\" data-widget_type=\"button.default\">\n\t\t\t\t<div class=\"elementor-widget-container\">\n\t\t\t\t\t<div class=\"elementor-button-wrapper\">\n\t\t\t<a class=\"elementor-button elementor-button-link elementor-size-sm\" href=\"#\">\n\t\t\t\t\t\t<span class=\"elementor-button-content-wrapper\">\n\t\t\t\t\t\t<span class=\"elementor-button-text\">Realizar una donaci\u00f3n \u00fanica<\/span>\n\t\t<\/span>\n\t\t\t\t\t<\/a>\n\t\t<\/div>\n\t\t\t\t<\/div>\n\t\t\t\t<\/div>\n\t\t\t\t<div class=\"elementor-element elementor-element-0e3fb18 elementor-widget__width-initial elementor-widget elementor-widget-heading\" data-id=\"0e3fb18\" data-element_type=\"widget\" data-widget_type=\"heading.default\">\n\t\t\t\t<div class=\"elementor-widget-container\">\n\t\t\t<h4 class=\"elementor-heading-title elementor-size-default\"><b>3. Ofrece tu tiempo como voluntario:<\/b> Contribuye con tus habilidades y experiencia como voluntario en Basketball for Children, ya sea en nuestras academias de baloncesto en Colombia o de forma remota, apoyando nuestras actividades de marketing, recaudaci\u00f3n de fondos o administrativas. Damos la bienvenida a personas apasionadas por el baloncesto, la educaci\u00f3n o que deseen hacer un impacto social.<\/h4>\t\t<\/div>\n\t\t\t\t<\/div>\n\t\t\t\t<div class=\"elementor-element elementor-element-8f5c88f elementor-align-right elementor-widget elementor-widget-button\" data-id=\"8f5c88f\" data-element_type=\"widget\" data-widget_type=\"button.default\">\n\t\t\t\t<div class=\"elementor-widget-container\">\n\t\t\t\t\t<div class=\"elementor-button-wrapper\">\n\t\t\t<a class=\"elementor-button elementor-button-link elementor-size-sm\" href=\"https:\/\/basketballforchildren.com\/become-a-volunteer\/\">\n\t\t\t\t\t\t<span class=\"elementor-button-content-wrapper\">\n\t\t\t\t\t\t<span class=\"elementor-button-text\">Quiero ser voluntario<\/span>\n\t\t<\/span>\n\t\t\t\t\t<\/a>\n\t\t<\/div>\n\t\t\t\t<\/div>\n\t\t\t\t<\/div>\n\t\t\t\t<div class=\"elementor-element elementor-element-a052804 elementor-widget__width-initial elementor-widget elementor-widget-heading\" data-id=\"a052804\" data-element_type=\"widget\" data-widget_type=\"heading.default\">\n\t\t\t\t<div class=\"elementor-widget-container\">\n\t\t\t<h4 class=\"elementor-heading-title elementor-size-default\"><b>4. Difunde el mensaje:<\/b> Ayuda a crear conciencia sobre Basketball for Children compartiendo nuestra misi\u00f3n y nuestras historias en las redes sociales, con tus amigos, familiares y colegas. Cuantas m\u00e1s personas conozcan nuestro proyecto, mayor ser\u00e1 el impacto que podamos lograr juntos.<\/h4>\t\t<\/div>\n\t\t\t\t<\/div>\n\t\t\t\t<section class=\"elementor-section elementor-inner-section elementor-element elementor-element-6ca4fc8 elementor-section-boxed elementor-section-height-default elementor-section-height-default\" data-id=\"6ca4fc8\" data-element_type=\"section\">\n\t\t\t\t\t\t<div class=\"elementor-container elementor-column-gap-default\">\n\t\t\t\t\t<div class=\"elementor-column elementor-col-20 elementor-inner-column elementor-element elementor-element-e9e3b64\" data-id=\"e9e3b64\" data-element_type=\"column\">\n\t\t\t<div class=\"elementor-widget-wrap\">\n\t\t\t\t\t\t\t\t\t<\/div>\n\t\t<\/div>\n\t\t\t\t<div class=\"elementor-column elementor-col-20 elementor-inner-column elementor-element elementor-element-e62e24c\" data-id=\"e62e24c\" data-element_type=\"column\">\n\t\t\t<div class=\"elementor-widget-wrap\">\n\t\t\t\t\t\t\t\t\t<\/div>\n\t\t<\/div>\n\t\t\t\t<div class=\"elementor-column elementor-col-20 elementor-inner-column elementor-element elementor-element-a3cc055\" data-id=\"a3cc055\" data-element_type=\"column\">\n\t\t\t<div class=\"elementor-widget-wrap elementor-element-populated\">\n\t\t\t\t\t\t\t\t<div class=\"elementor-element elementor-element-1b7d2eb elementor-view-default elementor-widget elementor-widget-icon\" data-id=\"1b7d2eb\" data-element_type=\"widget\" data-widget_type=\"icon.default\">\n\t\t\t\t<div class=\"elementor-widget-container\">\n\t\t\t\t\t<div class=\"elementor-icon-wrapper\">\n\t\t\t<a class=\"elementor-icon\" href=\"http:\/\/www.facebook.com\/sharer.php?u=https%3A%2F%2Fbasketballforchildren.com%2Fes\" target=\"_blank\">\n\t\t\t<i aria-hidden=\"true\" class=\"fab fa-facebook-square\"><\/i>\t\t\t<\/a>\n\t\t<\/div>\n\t\t\t\t<\/div>\n\t\t\t\t<\/div>\n\t\t\t\t\t<\/div>\n\t\t<\/div>\n\t\t\t\t<div class=\"elementor-column elementor-col-20 elementor-inner-column elementor-element elementor-element-1d20814\" data-id=\"1d20814\" data-element_type=\"column\">\n\t\t\t<div class=\"elementor-widget-wrap elementor-element-populated\">\n\t\t\t\t\t\t\t\t<div class=\"elementor-element elementor-element-0862901 elementor-view-default elementor-widget elementor-widget-icon\" data-id=\"0862901\" data-element_type=\"widget\" data-widget_type=\"icon.default\">\n\t\t\t\t<div class=\"elementor-widget-container\">\n\t\t\t\t\t<div class=\"elementor-icon-wrapper\">\n\t\t\t<a class=\"elementor-icon\" href=\"https:\/\/twitter.com\/intent\/tweet?url=https:\/\/basketballforchildren.com\/es\/&#038;text=Hola!%20Quiero%20compartir%20algo%20especial%20contigo.%20Con%20s\u00f3lo%20un%20d\u00f3lar%20al%20mes%20estoy%20apoyando%20un%20proyecto%20incre\u00edble:%20\u00a1Basketball%20for%20Children!%20Este%20proyecto%20pretende%20transformar%20la%20vida%20de%20ni\u00f1os%20desfavorecidos%20en%20Colombia%20a%20trav\u00e9s%20del%20baloncesto.%20Reciben%20formaci\u00f3n%20deportiva,%20educaci\u00f3n%20en%20valores%20y%20el%20equipamiento%20necesario%20para%20jugar%20al%20baloncesto%20de%20forma%20gratuita.%20Con%20cada%20contribuci\u00f3n%20de%20un%20d\u00f3lar,%20acercamos%20a%20estos%20ni\u00f1os%20a%20un%20futuro%20mejor%20a%20trav\u00e9s%20del%20deporte.%20\u00danete%20a%20nosotros%20en%20esta%20causa%20y%20marquemos%20la%20diferencia%20juntos.%20Puedes%20tener%20m\u00e1s%20informaci\u00f3n%20visitando.\" target=\"_blank\">\n\t\t\t<i aria-hidden=\"true\" class=\"fab fa-twitter-square\"><\/i>\t\t\t<\/a>\n\t\t<\/div>\n\t\t\t\t<\/div>\n\t\t\t\t<\/div>\n\t\t\t\t\t<\/div>\n\t\t<\/div>\n\t\t\t\t<div class=\"elementor-column elementor-col-20 elementor-inner-column elementor-element elementor-element-7e7b3ed\" data-id=\"7e7b3ed\" data-element_type=\"column\">\n\t\t\t<div class=\"elementor-widget-wrap elementor-element-populated\">\n\t\t\t\t\t\t\t\t<div class=\"elementor-element elementor-element-ac331db elementor-view-default elementor-widget elementor-widget-icon\" data-id=\"ac331db\" data-element_type=\"widget\" data-widget_type=\"icon.default\">\n\t\t\t\t<div class=\"elementor-widget-container\">\n\t\t\t\t\t<div class=\"elementor-icon-wrapper\">\n\t\t\t<a class=\"elementor-icon\" href=\"https:\/\/api.whatsapp.com\/send\/?text=%C2%A1Hola%21+Quiero+compartir+algo+especial+contigo.+Con+solo+un+d%C3%B3lar+al+mes%2C+estoy+apoyando+un+proyecto+incre%C3%ADble%3A++Basketball+for+Children%21+.+Este+proyecto+tiene+como+objetivo+transformar+la+vida+de+ni%C3%B1os+desfavorecidos+en+Colombia+a+trav%C3%A9s+del+baloncesto.+Reciben+entrenamiento+deportivo%2C+educaci%C3%B3n+basada+en+valores+y+el+equipo+necesario+para+jugar+baloncesto+de+forma+gratuita.+Con+cada+contribuci%C3%B3n+de+un+d%C3%B3lar%2C+acercamos+a+estos+ni%C3%B1os+a+un+futuro+m%C3%A1s+brillante+a+trav%C3%A9s+del+deporte.+%C3%9Anete+a+nosotros+en+esta+causa+y+hagamos+la+diferencia+juntos.+Visita+https%3A%2F%2Fbasketballforchildren.com%2F+para+obtener+m%C3%A1s+informaci%C3%B3n.&#038;type=custom_url&#038;app_absent=0\" target=\"_blank\">\n\t\t\t<i aria-hidden=\"true\" class=\"fab fa-whatsapp-square\"><\/i>\t\t\t<\/a>\n\t\t<\/div>\n\t\t\t\t<\/div>\n\t\t\t\t<\/div>\n\t\t\t\t\t<\/div>\n\t\t<\/div>\n\t\t\t\t\t\t\t<\/div>\n\t\t<\/section>\n\t\t\t\t<div class=\"elementor-element elementor-element-39c4dfd elementor-widget__width-initial elementor-widget elementor-widget-heading\" data-id=\"39c4dfd\" data-element_type=\"widget\" data-widget_type=\"heading.default\">\n\t\t\t\t<div class=\"elementor-widget-container\">\n\t\t\t<h4 class=\"elementor-heading-title elementor-size-default\"><b>5. As\u00f3ciate con nosotros:<\/b> Si representas a una empresa, organizaci\u00f3n o club deportivo interesado en colaborar con Basketball for Children, nos encantar\u00eda explorar oportunidades de asociaci\u00f3n que puedan mejorar nuestros programas y ampliar nuestro alcance.<\/h4>\t\t<\/div>\n\t\t\t\t<\/div>\n\t\t\t\t<div class=\"elementor-element elementor-element-175f2b0 elementor-align-right elementor-widget elementor-widget-button\" data-id=\"175f2b0\" data-element_type=\"widget\" data-widget_type=\"button.default\">\n\t\t\t\t<div class=\"elementor-widget-container\">\n\t\t\t\t\t<div class=\"elementor-button-wrapper\">\n\t\t\t<a class=\"elementor-button elementor-button-link elementor-size-sm\" href=\"https:\/\/basketballforchildren.com\/get-in-touch-for-partnerships\/\">\n\t\t\t\t\t\t<span class=\"elementor-button-content-wrapper\">\n\t\t\t\t\t\t<span class=\"elementor-button-text\">Contacto para asociaciones<\/span>\n\t\t<\/span>\n\t\t\t\t\t<\/a>\n\t\t<\/div>\n\t\t\t\t<\/div>\n\t\t\t\t<\/div>\n\t\t\t\t<div class=\"elementor-element elementor-element-af2e71e elementor-widget elementor-widget-spacer\" data-id=\"af2e71e\" data-element_type=\"widget\" data-widget_type=\"spacer.default\">\n\t\t\t\t<div class=\"elementor-widget-container\">\n\t\t\t<style>\/*! elementor - v3.18.0 - 08-12-2023 *\/\n.elementor-column .elementor-spacer-inner{height:var(--spacer-size)}.e-con{--container-widget-width:100%}.e-con-inner>.elementor-widget-spacer,.e-con>.elementor-widget-spacer{width:var(--container-widget-width,var(--spacer-size));--align-self:var(--container-widget-align-self,initial);--flex-shrink:0}.e-con-inner>.elementor-widget-spacer>.elementor-widget-container,.e-con>.elementor-widget-spacer>.elementor-widget-container{height:100%;width:100%}.e-con-inner>.elementor-widget-spacer>.elementor-widget-container>.elementor-spacer,.e-con>.elementor-widget-spacer>.elementor-widget-container>.elementor-spacer{height:100%}.e-con-inner>.elementor-widget-spacer>.elementor-widget-container>.elementor-spacer>.elementor-spacer-inner,.e-con>.elementor-widget-spacer>.elementor-widget-container>.elementor-spacer>.elementor-spacer-inner{height:var(--container-widget-height,var(--spacer-size))}.e-con-inner>.elementor-widget-spacer.elementor-widget-empty,.e-con>.elementor-widget-spacer.elementor-widget-empty{position:relative;min-height:22px;min-width:22px}.e-con-inner>.elementor-widget-spacer.elementor-widget-empty .elementor-widget-empty-icon,.e-con>.elementor-widget-spacer.elementor-widget-empty .elementor-widget-empty-icon{position:absolute;top:0;bottom:0;left:0;right:0;margin:auto;padding:0;width:22px;height:22px}<\/style>\t\t<div class=\"elementor-spacer\">\n\t\t\t<div class=\"elementor-spacer-inner\"><\/div>\n\t\t<\/div>\n\t\t\t\t<\/div>\n\t\t\t\t<\/div>\n\t\t\t\t\t<\/div>\n\t\t<\/div>\n\t\t\t\t\t\t\t<\/div>\n\t\t<\/section>\n\t\t\t\t<section class=\"elementor-section elementor-top-section elementor-element elementor-element-a2e4c40 elementor-section-boxed elementor-section-height-default elementor-section-height-default\" data-id=\"a2e4c40\" data-element_type=\"section\" data-settings=\"{&quot;background_background&quot;:&quot;classic&quot;}\">\n\t\t\t\t\t\t<div class=\"elementor-container elementor-column-gap-default\">\n\t\t\t\t\t<div class=\"elementor-column elementor-col-100 elementor-top-column elementor-element elementor-element-7946c3c\" data-id=\"7946c3c\" data-element_type=\"column\">\n\t\t\t<div class=\"elementor-widget-wrap elementor-element-populated\">\n\t\t\t\t\t\t\t\t<div class=\"elementor-element elementor-element-06c637b elementor-widget__width-initial elementor-widget elementor-widget-heading\" data-id=\"06c637b\" data-element_type=\"widget\" data-widget_type=\"heading.default\">\n\t\t\t\t<div class=\"elementor-widget-container\">\n\t\t\t<h4 class=\"elementor-heading-title elementor-size-default\">Tu apoyo, en cualquier forma, es vital para el \u00e9xito de Basketball for Children, y estamos incre\u00edblemente agradecidos por tu ayuda. Juntos, podemos cambiar vidas y empoderar a ni\u00f1os desfavorecidos en Colombia para que persigan un futuro m\u00e1s brillante.\n\n\n\n\n<\/h4>\t\t<\/div>\n\t\t\t\t<\/div>\n\t\t\t\t\t<\/div>\n\t\t<\/div>\n\t\t\t\t\t\t\t<\/div>\n\t\t<\/section>\n\t\t\t\t\t\t\t<\/div>\n\t\t","protected":false},"excerpt":{"rendered":"<p>C\u00f3mo ayudar Apoya nuestra misi\u00f3n y hagamos juntos la diferencia En Basketball for Children, creemos firmemente en la generosidad de personas como t\u00fa para ayudarnos a transformar la vida de ni\u00f1os desfavorecidos en Colombia a trav\u00e9s del baloncesto y la educaci\u00f3n en valores. Hay varias formas en las que puedes apoyar nuestra misi\u00f3n y generar &hellip;<\/p>\n<p class=\"read-more\"> <a class=\"\" href=\"https:\/\/basketballforchildren.com\/es\/como-ayudar\/\"> <span class=\"screen-reader-text\">C\u00f3mo ayudar<\/span> Leer m\u00e1s &raquo;<\/a><\/p>\n","protected":false},"author":1,"featured_media":0,"parent":0,"menu_order":0,"comment_status":"closed","ping_status":"closed","template":"","meta":{"site-sidebar-layout":"no-sidebar","site-content-layout":"page-builder","ast-site-content-layout":"full-width-container","site-content-style":"unboxed","site-sidebar-style":"unboxed","ast-global-header-display":"","ast-banner-title-visibility":"","ast-main-header-display":"","ast-hfb-above-header-display":"","ast-hfb-below-header-display":"","ast-hfb-mobile-header-display":"","site-post-title":"disabled","ast-breadcrumbs-content":"","ast-featured-img":"disabled","footer-sml-layout":"","theme-transparent-header-meta":"","adv-header-id-meta":"","stick-header-meta":"","header-above-stick-meta":"","header-main-stick-meta":"","header-below-stick-meta":"","astra-migrate-meta-layouts":"set","ast-page-background-enabled":"default","ast-page-background-meta":{"desktop":{"background-color":"var(--ast-global-color-4)","background-image":"","background-repeat":"repeat","background-position":"center center","background-size":"auto","background-attachment":"scroll","background-type":"","background-media":"","overlay-type":"","overlay-color":"","overlay-gradient":""},"tablet":{"background-color":"","background-image":"","background-repeat":"repeat","background-position":"center center","background-size":"auto","background-attachment":"scroll","background-type":"","background-media":"","overlay-type":"","overlay-color":"","overlay-gradient":""},"mobile":{"background-color":"","background-image":"","background-repeat":"repeat","background-position":"center center","background-size":"auto","background-attachment":"scroll","background-type":"","background-media":"","overlay-type":"","overlay-color":"","overlay-gradient":""}},"ast-content-background-meta":{"desktop":{"background-color":"var(--ast-global-color-5)","background-image":"","background-repeat":"repeat","background-position":"center center","background-size":"auto","background-attachment":"scroll","background-type":"","background-media":"","overlay-type":"","overlay-color":"","overlay-gradient":""},"tablet":{"background-color":"var(--ast-global-color-5)","background-image":"","background-repeat":"repeat","background-position":"center center","background-size":"auto","background-attachment":"scroll","background-type":"","background-media":"","overlay-type":"","overlay-color":"","overlay-gradient":""},"mobile":{"background-color":"var(--ast-global-color-5)","background-image":"","background-repeat":"repeat","background-position":"center center","background-size":"auto","background-attachment":"scroll","background-type":"","background-media":"","overlay-type":"","overlay-color":"","overlay-gradient":""}},"footnotes":""},"_links":{"self":[{"href":"https:\/\/basketballforchildren.com\/es\/wp-json\/wp\/v2\/pages\/1341"}],"collection":[{"href":"https:\/\/basketballforchildren.com\/es\/wp-json\/wp\/v2\/pages"}],"about":[{"href":"https:\/\/basketballforchildren.com\/es\/wp-json\/wp\/v2\/types\/page"}],"author":[{"embeddable":true,"href":"https:\/\/basketballforchildren.com\/es\/wp-json\/wp\/v2\/users\/1"}],"replies":[{"embeddable":true,"href":"https:\/\/basketballforchildren.com\/es\/wp-json\/wp\/v2\/comments?post=1341"}],"version-history":[{"count":35,"href":"https:\/\/basketballforchildren.com\/es\/wp-json\/wp\/v2\/pages\/1341\/revisions"}],"predecessor-version":[{"id":1690,"href":"https:\/\/basketballforchildren.com\/es\/wp-json\/wp\/v2\/pages\/1341\/revisions\/1690"}],"wp:attachment":[{"href":"https:\/\/basketballforchildren.com\/es\/wp-json\/wp\/v2\/media?parent=1341"}],"curies":[{"name":"wp","href":"https:\/\/api.w.org\/{rel}","templated":true}]}}